{"id":189,"date":"2022-10-24T13:55:46","date_gmt":"2022-10-24T11:55:46","guid":{"rendered":"https:\/\/jmnlog.com\/contact-us\/"},"modified":"2025-02-06T11:57:10","modified_gmt":"2025-02-06T10:57:10","slug":"contact-us","status":"publish","type":"page","link":"https:\/\/jmnlog.com\/en\/contact-us\/","title":{"rendered":"Contact Us"},"content":{"rendered":"<div data-elementor-type=\"wp-page\" data-elementor-id=\"189\" class=\"elementor elementor-189\" data-elementor-post-type=\"page\">\n\t\t\t\t<div class=\"aux-parallax-section elementor-element elementor-element-b781d27 e-flex e-con-boxed e-con e-parent\" data-id=\"b781d27\" data-element_type=\"container\" data-settings=\"{&quot;background_background&quot;:&quot;classic&quot;}\">\n\t\t\t\t\t<div class=\"e-con-inner\">\n\t\t<div class=\"elementor-element elementor-element-424d976 e-con-full e-flex e-con e-child\" data-id=\"424d976\" data-element_type=\"container\">\n\t\t\t\t<div class=\"elementor-element elementor-element-e403142 elementor-widget elementor-widget-aux_modern_heading\" data-id=\"e403142\" data-element_type=\"widget\" data-widget_type=\"aux_modern_heading.default\">\n\t\t\t\t<div class=\"elementor-widget-container\">\n\t\t\t<section class=\"aux-widget-modern-heading\">\n            <div class=\"aux-widget-inner\"><h4 class=\"aux-modern-heading-primary\">Contact Us<\/h4><\/div>\n        <\/section>\t\t<\/div>\n\t\t\t\t<\/div>\n\t\t\t\t<\/div>\n\t\t\t\t\t<\/div>\n\t\t\t\t<\/div>\n\t\t<div class=\"aux-parallax-section elementor-element elementor-element-1f98d17 e-flex e-con-boxed e-con e-parent\" data-id=\"1f98d17\" data-element_type=\"container\">\n\t\t\t\t\t<div class=\"e-con-inner\">\n\t\t<div class=\"elementor-element elementor-element-cc75a83 e-con-full e-flex e-con e-child\" data-id=\"cc75a83\" data-element_type=\"container\">\n\t\t\t\t<div class=\"elementor-element elementor-element-e51d760 elementor-widget__width-auto aux-appear-watch-animation aux-slide-from-bot elementor-widget elementor-widget-aux_modern_heading\" data-id=\"e51d760\" data-element_type=\"widget\" data-widget_type=\"aux_modern_heading.default\">\n\t\t\t\t<div class=\"elementor-widget-container\">\n\t\t\t<section class=\"aux-widget-modern-heading\">\n            <div class=\"aux-widget-inner\"><h5 class=\"aux-modern-heading-primary\">Contact Us<\/h5><div class=\"aux-modern-heading-divider\"><\/div><h4 class=\"aux-modern-heading-secondary\"><span class=\"aux-head-before\">Contact Us To Get More Detailed<\/span><\/h4><\/div>\n        <\/section>\t\t<\/div>\n\t\t\t\t<\/div>\n\t\t\t\t<div class=\"aux-scroll-anim elementor-element elementor-element-a429711 elementor-widget__width-auto aux-shpe-type-circle elementor-widget elementor-widget-aux_simple_shape\" data-move-in=\"moveHorizontal\" data-move-out=\"moveHorizontal\" data-axis-x=\"30\" data-axis-y=\"200\" data-rotate=\"90\" data-scale=\"1\" data-vp-top=\"0.5\" data-vp-bot=\"0.5\" data-el-top=\"0.2\" data-scroll-animation-off=\"1024\" data-id=\"a429711\" data-element_type=\"widget\" data-widget_type=\"aux_simple_shape.default\">\n\t\t\t\t<div class=\"elementor-widget-container\">\n\t\t\t    <div class=\"aux-widget-container aux-simple-shape-container\">\n        <div class=\"aux-widget-container-inner\">\n            <div class=\"aux-the-shape\"><\/div>\n        <\/div>\n    <\/div>\n    \t\t<\/div>\n\t\t\t\t<\/div>\n\t\t\t\t<\/div>\n\t\t\t\t\t<\/div>\n\t\t\t\t<\/div>\n\t\t<div class=\"aux-parallax-section elementor-element elementor-element-b510bbe e-flex e-con-boxed e-con e-parent\" data-id=\"b510bbe\" data-element_type=\"container\">\n\t\t\t\t\t<div class=\"e-con-inner\">\n\t\t<div class=\"elementor-element elementor-element-118d220 e-con-full e-flex e-con e-child\" data-id=\"118d220\" data-element_type=\"container\">\n\t\t\t\t<div class=\"elementor-element elementor-element-0edb86b aux-appear-watch-animation aux-fade-in-up-1 elementor-widget elementor-widget-aux_contact_form\" data-id=\"0edb86b\" data-element_type=\"widget\" data-widget_type=\"aux_contact_form.default\">\n\t\t\t\t<div class=\"elementor-widget-container\">\n\t\t\t<section class=\"widget-container aux-widget-contact-form aux-parent-au76cb3868\">            <div class=\"aux-col-wrapper aux-no-gutter\">\n            <!-- @TODO - The output for element here -->\n\n            [contact-form-7 id=\"205\" title=\"Untitled\"]\n\n            <\/div><!-- aux-col-wrapper -->\n    <\/section><!-- widget-container -->\t\t<\/div>\n\t\t\t\t<\/div>\n\t\t\t\t<\/div>\n\t\t<div class=\"elementor-element elementor-element-36521e0 e-con-full e-flex e-con e-child\" data-id=\"36521e0\" data-element_type=\"container\">\n\t\t\t\t<div class=\"elementor-element elementor-element-ee9903f elementor-widget__width-auto aux-appear-watch-animation aux-fade-in-up-1 elementor-widget elementor-widget-aux_modern_heading\" data-id=\"ee9903f\" data-element_type=\"widget\" data-widget_type=\"aux_modern_heading.default\">\n\t\t\t\t<div class=\"elementor-widget-container\">\n\t\t\t<section class=\"aux-widget-modern-heading\">\n            <div class=\"aux-widget-inner\"><h4 class=\"aux-modern-heading-primary\">Central Office<\/h4><div class=\"aux-modern-heading-divider\"><\/div><\/div>\n        <\/section>\t\t<\/div>\n\t\t\t\t<\/div>\n\t\t\t\t<div class=\"elementor-element elementor-element-3c260bc aux-appear-watch-animation aux-fade-in-up-1 elementor-widget elementor-widget-aux_text\" data-id=\"3c260bc\" data-element_type=\"widget\" data-widget_type=\"aux_text.default\">\n\t\t\t\t<div class=\"elementor-widget-container\">\n\t\t\t<section class=\"widget-container aux-widget-text aux-parent-auc7b381e2\">        <div class=\"aux-widget-advanced-text aux-wrap-style-simple aux-ico-pos-left aux-text-left aux-text-resp- aux-text-color-dark aux-text-widget-bg-center\" >\n        \n                            <div class=\"aux-text-widget-header\"  >\n                        <div class=\"aux-ico-box aux-ico-large aux-ico-clear\">\n                                                                <svg id=\"Address_Icon\" xmlns=\"http:\/\/www.w3.org\/2000\/svg\" width=\"60\" height=\"60\" viewbox=\"0 0 60 60\">\r\n  <circle id=\"Ellipse_1\" data-name=\"Ellipse 1\" cx=\"30\" cy=\"30\" r=\"30\" fill=\"var( --e-global-color-primary )\" opacity=\"0.1\" \/>\r\n  <path id=\"Shape_5\" d=\"M3222.046,265A10.111,10.111,0,0,0,3212,275.256c0,3.324,5.581,12.63,8.651,18.043a1.592,1.592,0,0,0,2.7-.095c2.977-5.318,8.651-14.53,8.651-17.949A10.093,10.093,0,0,0,3222.046,265Zm0,14.72a4.513,4.513,0,1,1,4.372-4.464A4.433,4.433,0,0,1,3222.046,279.72Z\" transform=\"translate(-3192 -249)\" fill=\"var( --e-global-color-primary )\" \/>\r\n<\/svg>\r\n                                                    <\/div>\n                <\/div>\n            \n            <div class=\"aux-text-inner aux-text-widget-content\">\n                                <h4 class=\"col-title\"><a href=\"https:\/\/jmnlog.com\/en\/locations\/\">Our Address<\/a><\/h4>\n                                <div class=\"widget-content\">\n                                        <p>3rd Flat, 657 5th Ave, New York, NY 10075<\/p>                <\/div>\n                            <\/div>\n        <\/div>\n                    <div class=\"aux-text-widget-footer\">\n                <div class=\"aux-border-shape-none\">\n                                <\/div>\n            <\/div>\n        \n<\/section><!-- widget-container -->\t\t<\/div>\n\t\t\t\t<\/div>\n\t\t\t\t<div class=\"elementor-element elementor-element-19d52d9 aux-appear-watch-animation aux-fade-in-up-1 elementor-widget elementor-widget-aux_text\" data-id=\"19d52d9\" data-element_type=\"widget\" data-widget_type=\"aux_text.default\">\n\t\t\t\t<div class=\"elementor-widget-container\">\n\t\t\t<section class=\"widget-container aux-widget-text aux-parent-au3237e39a\">        <div class=\"aux-widget-advanced-text aux-wrap-style-simple aux-ico-pos-left aux-text-left aux-text-resp- aux-text-color-dark aux-text-widget-bg-center\" >\n        \n                            <div class=\"aux-text-widget-header\"  >\n                        <div class=\"aux-ico-box aux-ico-large aux-ico-clear\">\n                                                                <svg xmlns=\"http:\/\/www.w3.org\/2000\/svg\" width=\"60\" height=\"60\" viewbox=\"0 0 60 60\">\r\n  <g id=\"Mail_Icon\" data-name=\"Mail Icon\" transform=\"translate(0 -148)\">\r\n    <circle id=\"Ellipse_1\" data-name=\"Ellipse 1\" cx=\"30\" cy=\"30\" r=\"30\" transform=\"translate(0 148)\" fill=\"var( --e-global-color-primary )\" opacity=\"0.1\" \/>\r\n    <path id=\"Shape_4\" d=\"M2.534,14.995A2.584,2.584,0,0,1,0,12.362V2.632A2.7,2.7,0,0,1,.211,1.56L7.18,8.8a0,0,0,0,1,0,0,3.2,3.2,0,0,0,4.645,0l6.969-7.24a2.687,2.687,0,0,1,.211,1.073v9.73a2.585,2.585,0,0,1-2.534,2.633Zm5.7-7.283L1.2.4A2.47,2.47,0,0,1,2.534,0H16.472a2.472,2.472,0,0,1,1.339.4L10.771,7.712a1.752,1.752,0,0,1-2.534,0Z\" transform=\"translate(20.996 171.003)\" fill=\"var( --e-global-color-primary )\" \/>\r\n  <\/g>\r\n<\/svg>\r\n                                                    <\/div>\n                <\/div>\n            \n            <div class=\"aux-text-inner aux-text-widget-content\">\n                                <h4 class=\"col-title\">Email Address<\/h4>\n                                <div class=\"widget-content\">\n                                        <p>info@investmentdock.com support@investmentdock.com<\/p>                <\/div>\n                            <\/div>\n        <\/div>\n                    <div class=\"aux-text-widget-footer\">\n                <div class=\"aux-border-shape-none\">\n                                <\/div>\n            <\/div>\n        \n<\/section><!-- widget-container -->\t\t<\/div>\n\t\t\t\t<\/div>\n\t\t\t\t<div class=\"elementor-element elementor-element-fb690fb aux-appear-watch-animation aux-fade-in-up-1 elementor-widget elementor-widget-aux_text\" data-id=\"fb690fb\" data-element_type=\"widget\" data-widget_type=\"aux_text.default\">\n\t\t\t\t<div class=\"elementor-widget-container\">\n\t\t\t<section class=\"widget-container aux-widget-text aux-parent-au4be176ed\">        <div class=\"aux-widget-advanced-text aux-wrap-style-simple aux-ico-pos-left aux-text-left aux-text-resp- aux-text-color-dark aux-text-widget-bg-center\" >\n        \n                            <div class=\"aux-text-widget-header\"  >\n                        <div class=\"aux-ico-box aux-ico-large aux-ico-clear\">\n                                                                <svg xmlns=\"http:\/\/www.w3.org\/2000\/svg\" width=\"60\" height=\"60\" viewbox=\"0 0 60 60\">\r\n  <g id=\"Phone_Icon\" data-name=\"Phone Icon\" transform=\"translate(0 -294)\">\r\n    <circle id=\"Ellipse_1\" data-name=\"Ellipse 1\" cx=\"30\" cy=\"30\" r=\"30\" transform=\"translate(0 294)\" fill=\"var( --e-global-color-primary )\" opacity=\"0.1\" \/>\r\n    <path id=\"Shape_3\" d=\"M3225.1,578.075c.285-.356,1.283-2,2.779-1.5,1.568.5,5.487,1.853,3.634,4.276-6.2,8.411-24.722-10.193-16.386-16.394,2.422-1.782,3.776,2.067,4.275,3.635s-1.069,2.495-1.5,2.78C3216.837,571.874,3224.175,579.144,3225.1,578.075Z\" transform=\"translate(-3192 -249)\" fill=\"var( --e-global-color-primary )\" \/>\r\n  <\/g>\r\n<\/svg>\r\n                                                    <\/div>\n                <\/div>\n            \n            <div class=\"aux-text-inner aux-text-widget-content\">\n                                <h4 class=\"col-title\"><a href=\"#\">Phone Number<\/a><\/h4>\n                                <div class=\"widget-content\">\n                                        <p>+1 646-444-2106<\/p>                <\/div>\n                            <\/div>\n        <\/div>\n                    <div class=\"aux-text-widget-footer\">\n                <div class=\"aux-border-shape-none\">\n                                <\/div>\n            <\/div>\n        \n<\/section><!-- widget-container -->\t\t<\/div>\n\t\t\t\t<\/div>\n\t\t\t\t<\/div>\n\t\t\t\t\t<\/div>\n\t\t\t\t<\/div>\n\t\t<div class=\"aux-parallax-section elementor-element elementor-element-bbca728 e-flex e-con-boxed e-con e-parent\" data-id=\"bbca728\" data-element_type=\"container\">\n\t\t\t\t\t<div class=\"e-con-inner\">\n\t\t<div class=\"elementor-element elementor-element-b8099ee e-con-full e-flex e-con e-child\" data-id=\"b8099ee\" data-element_type=\"container\" data-settings=\"{&quot;background_background&quot;:&quot;classic&quot;}\">\n\t\t\t\t<div class=\"elementor-element elementor-element-262b064 elementor-widget__width-auto aux-appear-watch-animation aux-slide-from-bot elementor-widget elementor-widget-aux_modern_heading\" data-id=\"262b064\" data-element_type=\"widget\" data-widget_type=\"aux_modern_heading.default\">\n\t\t\t\t<div class=\"elementor-widget-container\">\n\t\t\t<section class=\"aux-widget-modern-heading\">\n            <div class=\"aux-widget-inner\"><h5 class=\"aux-modern-heading-primary\">Ubicaciones<\/h5><div class=\"aux-modern-heading-divider\"><\/div><h4 class=\"aux-modern-heading-secondary\"><span class=\"aux-head-before\">Centros de Acopio<\/span><\/h4><\/div>\n        <\/section>\t\t<\/div>\n\t\t\t\t<\/div>\n\t\t<div class=\"elementor-element elementor-element-62f067a e-con-full e-flex e-con e-child\" data-id=\"62f067a\" data-element_type=\"container\">\n\t\t<div class=\"elementor-element elementor-element-05b585e e-con-full e-flex e-con e-child\" data-id=\"05b585e\" data-element_type=\"container\">\n\t\t\t\t<div class=\"elementor-element elementor-element-58e1e74 aux-appear-watch-animation aux-scale-down elementor-widget elementor-widget-aux_text\" data-id=\"58e1e74\" data-element_type=\"widget\" data-widget_type=\"aux_text.default\">\n\t\t\t\t<div class=\"elementor-widget-container\">\n\t\t\t<section class=\"widget-container aux-widget-text aux-parent-au536178bf\">        <div class=\"aux-widget-advanced-text aux-wrap-style-simple aux-ico-pos-top aux-text-left aux-text-resp- aux-text-color-dark aux-text-widget-bg-center\" >\n        \n                            <div class=\"aux-text-widget-header\"  >\n                        <div class=\"aux-ico-box aux-ico-large aux-img-box aux-ico-shape-default aux-ico-clear\">\n                                                                <img fetchpriority=\"high\" decoding=\"async\" width=\"758\" height=\"588\" src=\"image\/gif;base64,R0lGODlhAQABAIAAAAAAAP\/\/\/yH5BAEAAAAALAAAAAABAAEAAAIBRAA7\" class=\"aux-attachment aux-featured-image aux-attachment-id-181 aux-preload aux-blank\" alt=\"demo-attachment-511-New-York-City-NY\" data-ratio=\"1.29\" data-original-w=\"758\" data-src=\"https:\/\/jmnlog.com\/wp-content\/uploads\/2021\/07\/New-York-City-NY.png\" \/>                                                    <\/div>\n                <\/div>\n            \n            <div class=\"aux-text-inner aux-text-widget-content\">\n                                <h4 class=\"col-title\"><a href=\"#\">Hector Caballero<\/a><\/h4>\n                                <h5 class=\"col-subtitle\">Por actualizar<\/h5>\n\n                                <div class=\"widget-content\">\n                                        <p>Tel\u00e9fono:<span> Por Actualizar<\/span><\/p>                <\/div>\n                            <\/div>\n        <\/div>\n                    <div class=\"aux-text-widget-footer\">\n                <div class=\"aux-border-shape-none\">\n                                <\/div>\n            <\/div>\n        \n<\/section><!-- widget-container -->\t\t<\/div>\n\t\t\t\t<\/div>\n\t\t\t\t<\/div>\n\t\t<div class=\"elementor-element elementor-element-ff0d88b e-con-full e-flex e-con e-child\" data-id=\"ff0d88b\" data-element_type=\"container\">\n\t\t\t\t<div class=\"elementor-element elementor-element-3bad020 aux-appear-watch-animation aux-scale-down elementor-widget elementor-widget-aux_text\" data-id=\"3bad020\" data-element_type=\"widget\" data-widget_type=\"aux_text.default\">\n\t\t\t\t<div class=\"elementor-widget-container\">\n\t\t\t<section class=\"widget-container aux-widget-text aux-parent-aubd990607\">        <div class=\"aux-widget-advanced-text aux-wrap-style-simple aux-ico-pos-top aux-text-left aux-text-resp- aux-text-color-dark aux-text-widget-bg-center\" >\n        \n                            <div class=\"aux-text-widget-header\"  >\n                        <div class=\"aux-ico-box aux-ico-large aux-img-box aux-ico-shape-default aux-ico-clear\">\n                                                                <img decoding=\"async\" width=\"758\" height=\"588\" src=\"image\/gif;base64,R0lGODlhAQABAIAAAAAAAP\/\/\/yH5BAEAAAAALAAAAAABAAEAAAIBRAA7\" class=\"aux-attachment aux-featured-image aux-attachment-id-179 aux-preload aux-blank\" alt=\"demo-attachment-528-Los-Angeles-CA\" data-ratio=\"1.29\" data-original-w=\"758\" data-src=\"https:\/\/jmnlog.com\/wp-content\/uploads\/2021\/07\/Los-Angeles-CA.png\" \/>                                                    <\/div>\n                <\/div>\n            \n            <div class=\"aux-text-inner aux-text-widget-content\">\n                                <h4 class=\"col-title\">Paseo Santa Fe<\/h4>\n                                <h5 class=\"col-subtitle\">Por actualizar<\/h5>\n\n                                <div class=\"widget-content\">\n                                        <p>Tel\u00e9fono:<span> Por Actualizar<\/span><\/p>                <\/div>\n                            <\/div>\n        <\/div>\n                    <div class=\"aux-text-widget-footer\">\n                <div class=\"aux-border-shape-none\">\n                                <\/div>\n            <\/div>\n        \n<\/section><!-- widget-container -->\t\t<\/div>\n\t\t\t\t<\/div>\n\t\t\t\t<\/div>\n\t\t<div class=\"elementor-element elementor-element-189f92f e-con-full e-flex e-con e-child\" data-id=\"189f92f\" data-element_type=\"container\">\n\t\t\t\t<div class=\"elementor-element elementor-element-4de54e7 aux-appear-watch-animation aux-scale-down elementor-widget elementor-widget-aux_text\" data-id=\"4de54e7\" data-element_type=\"widget\" data-widget_type=\"aux_text.default\">\n\t\t\t\t<div class=\"elementor-widget-container\">\n\t\t\t<section class=\"widget-container aux-widget-text aux-parent-au36b61e8e\">        <div class=\"aux-widget-advanced-text aux-wrap-style-simple aux-ico-pos-top aux-text-left aux-text-resp- aux-text-color-dark aux-text-widget-bg-center\" >\n        \n                            <div class=\"aux-text-widget-header\"  >\n                        <div class=\"aux-ico-box aux-ico-large aux-img-box aux-ico-shape-default aux-ico-clear\">\n                                                                <img decoding=\"async\" width=\"760\" height=\"588\" src=\"image\/gif;base64,R0lGODlhAQABAIAAAAAAAP\/\/\/yH5BAEAAAAALAAAAAABAAEAAAIBRAA7\" class=\"aux-attachment aux-featured-image aux-attachment-id-178 aux-preload aux-blank\" alt=\"demo-attachment-529-Washington-DC-WA\" data-ratio=\"1.29\" data-original-w=\"760\" data-src=\"https:\/\/jmnlog.com\/wp-content\/uploads\/2021\/07\/Washington-DC-WA.png\" \/>                                                    <\/div>\n                <\/div>\n            \n            <div class=\"aux-text-inner aux-text-widget-content\">\n                                <h4 class=\"col-title\">Centro, Ju\u00e1rez<\/h4>\n                                <h5 class=\"col-subtitle\">Por actualizar<\/h5>\n\n                                <div class=\"widget-content\">\n                                        <p>Tel\u00e9fono:<span> Por Actualizar<\/span><\/p>                <\/div>\n                            <\/div>\n        <\/div>\n                    <div class=\"aux-text-widget-footer\">\n                <div class=\"aux-border-shape-none\">\n                                <\/div>\n            <\/div>\n        \n<\/section><!-- widget-container -->\t\t<\/div>\n\t\t\t\t<\/div>\n\t\t\t\t<\/div>\n\t\t\t\t<\/div>\n\t\t\t\t<\/div>\n\t\t\t\t\t<\/div>\n\t\t\t\t<\/div>\n\t\t\t\t<\/div>","protected":false},"excerpt":{"rendered":"<p>Contact Us Contact Us Contact Us To Get More Detailed Central Office Our Address 3rd Flat, 657 5th Ave, New York, NY 10075 Email Address info@investmentdock.com support@investmentdock.com Phone Number +1 646-444-2106 Ubicaciones Centros de Acopio Hector Caballero Por actualizar Tel\u00e9fono: Por Actualizar Paseo Santa Fe Por actualizar Tel\u00e9fono: Por Actualizar Centro, Ju\u00e1rez Por actualizar Tel\u00e9fono: [&hellip;]<\/p>","protected":false},"author":1,"featured_media":0,"parent":0,"menu_order":0,"comment_status":"closed","ping_status":"closed","template":"templates\/page-builder-content.php","meta":{"footnotes":""},"class_list":["post-189","page","type-page","status-publish","hentry"],"_links":{"self":[{"href":"https:\/\/jmnlog.com\/en\/wp-json\/wp\/v2\/pages\/189","targetHints":{"allow":["GET"]}}],"collection":[{"href":"https:\/\/jmnlog.com\/en\/wp-json\/wp\/v2\/pages"}],"about":[{"href":"https:\/\/jmnlog.com\/en\/wp-json\/wp\/v2\/types\/page"}],"author":[{"embeddable":true,"href":"https:\/\/jmnlog.com\/en\/wp-json\/wp\/v2\/users\/1"}],"replies":[{"embeddable":true,"href":"https:\/\/jmnlog.com\/en\/wp-json\/wp\/v2\/comments?post=189"}],"version-history":[{"count":3,"href":"https:\/\/jmnlog.com\/en\/wp-json\/wp\/v2\/pages\/189\/revisions"}],"predecessor-version":[{"id":691,"href":"https:\/\/jmnlog.com\/en\/wp-json\/wp\/v2\/pages\/189\/revisions\/691"}],"wp:attachment":[{"href":"https:\/\/jmnlog.com\/en\/wp-json\/wp\/v2\/media?parent=189"}],"curies":[{"name":"wp","href":"https:\/\/api.w.org\/{rel}","templated":true}]}}